{"id":1544,"date":"2024-04-28T17:46:27","date_gmt":"2024-04-28T17:46:27","guid":{"rendered":"https:\/\/b-investigations.ch\/?page_id=1544"},"modified":"2026-03-04T10:20:24","modified_gmt":"2026-03-04T10:20:24","slug":"mention-legale","status":"publish","type":"page","link":"https:\/\/b-investigations.ch\/en\/mention-legale\/","title":{"rendered":"Mention legale"},"content":{"rendered":"<div data-elementor-type=\"wp-page\" data-elementor-id=\"1544\" class=\"elementor elementor-1544\" data-elementor-post-type=\"page\">\n\t\t\t\t\t\t<section class=\"elementor-section elementor-top-section elementor-element elementor-element-3d915dc elementor-section-boxed elementor-section-height-default elementor-section-height-default\" data-id=\"3d915dc\" data-element_type=\"section\" data-e-type=\"section\" data-settings=\"{&quot;background_background&quot;:&quot;classic&quot;}\">\n\t\t\t\t\t\t<div class=\"elementor-container elementor-column-gap-default\">\n\t\t\t\t\t<div class=\"elementor-column elementor-col-100 elementor-top-column elementor-element elementor-element-a20297a\" data-id=\"a20297a\" data-element_type=\"column\" data-e-type=\"column\">\n\t\t\t<div class=\"elementor-widget-wrap elementor-element-populated\">\n\t\t\t\t\t\t<section class=\"elementor-section elementor-inner-section elementor-element elementor-element-a69bec7 elementor-section-boxed elementor-section-height-default elementor-section-height-default\" data-id=\"a69bec7\" data-element_type=\"section\" data-e-type=\"section\">\n\t\t\t\t\t\t<div class=\"elementor-container elementor-column-gap-default\">\n\t\t\t\t\t<div class=\"elementor-column elementor-col-100 elementor-inner-column elementor-element elementor-element-8eb5811\" data-id=\"8eb5811\" data-element_type=\"column\" data-e-type=\"column\">\n\t\t\t<div class=\"elementor-widget-wrap elementor-element-populated\">\n\t\t\t\t\t\t<div class=\"elementor-element elementor-element-6214cc9 elementor-widget elementor-widget-heading\" data-id=\"6214cc9\" data-element_type=\"widget\" data-e-type=\"widget\" data-widget_type=\"heading.default\">\n\t\t\t\t<div class=\"elementor-widget-container\">\n\t\t\t\t\t<h2 class=\"elementor-heading-title elementor-size-default\">Legal Notice<\/h2>\t\t\t\t<\/div>\n\t\t\t\t<\/div>\n\t\t\t\t<div class=\"elementor-element elementor-element-75fc1d3 elementor-widget elementor-widget-text-editor\" data-id=\"75fc1d3\" data-element_type=\"widget\" data-e-type=\"widget\" data-widget_type=\"text-editor.default\">\n\t\t\t\t<div class=\"elementor-widget-container\">\n\t\t\t\t\t\t\t\t\t<p>B-Investigations <br \/>Private Detective Agency in Geneva<br \/>Autorisation d&rsquo;exercer N\u00b0GE-0689 loi du 20 mai 1950.<\/p><p>rb@b-investigations.ch<br \/>+41 (0) 78 243 30 41 \/ +41 (0) 22 313 89 06<\/p><p>CHE-435.393.506 <br \/>Geneva Commercial Register<\/p>\t\t\t\t\t\t\t\t<\/div>\n\t\t\t\t<\/div>\n\t\t\t\t\t<\/div>\n\t\t<\/div>\n\t\t\t\t\t<\/div>\n\t\t<\/section>\n\t\t\t\t\t<\/div>\n\t\t<\/div>\n\t\t\t\t\t<\/div>\n\t\t<\/section>\n\t\t\t\t<section class=\"elementor-section elementor-top-section elementor-element elementor-element-bd1af00 elementor-section-full_width elementor-section-height-default elementor-section-height-default\" data-id=\"bd1af00\" data-element_type=\"section\" data-e-type=\"section\">\n\t\t\t\t\t\t<div class=\"elementor-container elementor-column-gap-no\">\n\t\t\t\t\t<div class=\"elementor-column elementor-col-100 elementor-top-column elementor-element elementor-element-2805bce\" data-id=\"2805bce\" data-element_type=\"column\" data-e-type=\"column\">\n\t\t\t<div class=\"elementor-widget-wrap elementor-element-populated\">\n\t\t\t\t\t\t<div class=\"elementor-element elementor-element-2442076 elementor-widget elementor-widget-heading\" data-id=\"2442076\" data-element_type=\"widget\" data-e-type=\"widget\" data-widget_type=\"heading.default\">\n\t\t\t\t<div class=\"elementor-widget-container\">\n\t\t\t\t\t<h2 class=\"elementor-heading-title elementor-size-default\">Privacy Policy<\/h2>\t\t\t\t<\/div>\n\t\t\t\t<\/div>\n\t\t\t\t<section class=\"elementor-section elementor-inner-section elementor-element elementor-element-f1560df elementor-section-boxed elementor-section-height-default elementor-section-height-default\" data-id=\"f1560df\" data-element_type=\"section\" data-e-type=\"section\">\n\t\t\t\t\t\t<div class=\"elementor-container elementor-column-gap-default\">\n\t\t\t\t\t<div class=\"elementor-column elementor-col-100 elementor-inner-column elementor-element elementor-element-68391b7\" data-id=\"68391b7\" data-element_type=\"column\" data-e-type=\"column\">\n\t\t\t<div class=\"elementor-widget-wrap elementor-element-populated\">\n\t\t\t\t\t\t<div class=\"elementor-element elementor-element-01bfb93 elementor-widget elementor-widget-text-editor\" data-id=\"01bfb93\" data-element_type=\"widget\" data-e-type=\"widget\" data-widget_type=\"text-editor.default\">\n\t\t\t\t<div class=\"elementor-widget-container\">\n\t\t\t\t\t\t\t\t\t<p><span style=\"font-weight: 400;\">B-Investigations, <br \/>Rue de Lausanne 15, is the operator of this website, accessible from <\/span><span style=\"color: #003366;\"><a style=\"color: #003366;\" href=\"https:\/\/b-investigations.ch\/en\/\"><span style=\"font-weight: 400;\">www.b-investigations.ch<\/span><\/a><span style=\"font-weight: 400;\">.\u00a0<\/span><\/span><\/p><p><span style=\"font-weight: 400;\">B-Investigations\u00a0is responsible for the collection, processing and use of your personal data and must ensure compliance with Swiss law and possibly applicable European law.<\/span><\/p><p><span style=\"font-weight: 400;\">We take the protection of your personal data very seriously. We treat your personal data confidentially and according to the legal data protection regulations as well as this privacy policy. Here we inform you which data is collected on this website and how it is used. You will also learn how you can review the accuracy of this information and arrange for us to remove this data.<\/span><\/p><p><span style=\"font-weight: 400;\">In cooperation with our hosting providers, we endeavour to protect the databases as much as possible from unauthorised access, losses, misuse or falsification. We would like to remind you that data transmission over the Internet (e.g. communication by e-mail) can be subject to security vulnerabilities. A complete protection of the data against access by third parties is not possible.<\/span><\/p><p><span style=\"font-weight: 400;\">By using this website, you consent to the collection, processing and use of data in accordance with this policy. This website can be visited without registration. Data such as pages accessed or names of files accessed, date and time are stored on the server for statistical purposes without this data being directly related to your person. Personal data, in particular name, address or e-mail address are collected to the extent possible on a voluntary basis. The data will not be made available to third parties without your consent.<\/span><\/p><p><span style=\"font-weight: 400;\">\u00a0<\/span><\/p><h2><b>1. SCOPE OF APPLICATION<\/b><b><\/b><\/h2><p><b>Personal data<\/b><span style=\"font-weight: 400;\"> is all information that refers to an identified or identifiable person. A data subject is a person about whom personal data is processed. Processing includes any handling of personal data, regardless of the means and procedures used, in particular the storage, disclosure, retrieval, deletion, recording, alteration, destruction and use of personal data.<\/span><\/p><p><span style=\"font-weight: 400;\">We process personal data in accordance with Swiss data protection law. Insofar and to the extent that the European General Data Protection Regulation (EU-GDPR) is applicable, we further process personal data in accordance with the following legal provisions in connection with Art. 6 para. 1 EU-GDPR:<\/span><\/p><p><span style=\"font-weight: 400;\">a) processing of personal data with the consent of the data subject.<\/span><\/p><p><span style=\"font-weight: 400;\">b) Processing of personal data for the performance of a contract with the data subject and for the implementation of corresponding pre-contractual measures.<\/span><\/p><p><span style=\"font-weight: 400;\">c) Processing of personal data to discharge a legal obligation to which we are subject under any applicable EU law or under any applicable law of a country in which the EU-GDPR is applicable in whole or in part.<\/span><\/p><p><span style=\"font-weight: 400;\">d) The processing of personal data for the purpose of protecting the vital interests of the data subject or another natural person.<\/span><\/p><p><span style=\"font-weight: 400;\">e) Processing of personal data to protect the legitimate interests of us or third parties, unless the fundamental freedoms and rights and interests of the data subject prevail. In particular, legitimate interests include our business interest in being able to provide our website, information security, the enforcement of our own legal claims and compliance with Swiss law.<\/span><\/p><p><span style=\"font-weight: 400;\">We process personal data for the duration necessary for the respective purpose or purposes. In the case of longer-term storage obligations due to legal and other obligations to which we are subject, we limit the processing accordingly.<\/span><\/p><h2><b>2. COLLECTION, USE AND PROCESSING OF PERSONAL DATA<\/b><b><\/b><b><\/b><\/h2><p><b>2.1 When you Visit our Website<\/b><\/p><p><span style=\"font-weight: 400;\">When you visit our website, certain data is automatically stored on our servers or on servers of services and products that we procure and\/or have installed for purposes of system administration, statistics, security, or tracking. This information may include the following:<\/span><\/p><ul><li style=\"font-weight: 400;\" aria-level=\"1\"><span style=\"font-weight: 400;\">the name of your Internet service provider<\/span><\/li><li style=\"font-weight: 400;\" aria-level=\"1\"><span style=\"font-weight: 400;\">your IP address (under certain circumstances)<\/span><\/li><li style=\"font-weight: 400;\" aria-level=\"1\"><span style=\"font-weight: 400;\">the version of your browser software<\/span><\/li><li style=\"font-weight: 400;\" aria-level=\"1\"><span style=\"font-weight: 400;\">the operating system of the computer with which our website was accessed<\/span><\/li><li style=\"font-weight: 400;\" aria-level=\"1\"><span style=\"font-weight: 400;\">the date<\/span><\/li><li style=\"font-weight: 400;\" aria-level=\"1\"><span style=\"font-weight: 400;\">the time<\/span><\/li><li style=\"font-weight: 400;\" aria-level=\"1\"><span style=\"font-weight: 400;\">the website from which you are visiting our website<\/span><\/li><li style=\"font-weight: 400;\" aria-level=\"1\"><span style=\"font-weight: 400;\">the search words you used to find our website<\/span><\/li><\/ul><p><span style=\"font-weight: 400;\">Under certain circumstances, this data may allow conclusions to be drawn about a particular visitor. However, personal data is not used in this context.<\/span><\/p><p><b>2.2 Third Parties<\/b><\/p><p><span style=\"font-weight: 400;\">We will only pass on your data if we are obliged to do so by law or by official or court orders. Your personal data will not be passed on to third parties for purposes other than those stated herein.<\/span><\/p><p><b>2.3Cookies<\/b><\/p><p><span style=\"font-weight: 400;\">We generally use cookies on our website. These are small text files which are stored by your web browser and which store certain settings and data for exchange with our web server. This technology allows us to recognize individual users as (returning) visitors. In general, the use of cookies is intended to improve our services, make them more effective and safer.\u00a0A cookie does not always mean that we can identify you.<\/span><\/p><p><span style=\"font-weight: 400;\">You can adjust your browser settings so that no cookies are stored on your computer. The complete deactivation of cookies may result in you not being able to use all functions of our website.<\/span><\/p><p><span style=\"font-weight: 400;\">By continuing to use our website and\/or by agreeing to this privacy policy, you consent to the use of cookies by us to collect, store and use your personal usage data beyond the end of your browser session. You may revoke this consent at any time by activating your browser&rsquo;s setting to block third-party cookies.<\/span><\/p><p><b>2.4 Newsletter<\/b><\/p><p><span style=\"font-weight: 400;\">If you subscribe to our newsletter, you agree that we may use the data provided by you, such as your first and last name, address, e-mail address and any data you have voluntarily entered in your user profile, to send you the newsletter.\u00a0<\/span><\/p><p><span style=\"font-weight: 400;\">\u00a0<\/span><\/p><p><b>2.5\u00a0 Analytics Tools<\/b><\/p><p><span style=\"font-weight: 400;\">Our website may use Google Analytics, a web analysis service provided by Google Inc. 1600 Amphitheatre Parkway, Mountain View, CA 94043, USA. Google Analytics uses \u00ab\u00a0cookies\u00a0\u00bb, which are text files placed on your web browser, to help the website analyze how users use the site (see above Cookies). The information generated by the cookie (browser type\/version, operating system used, referrer URL \/ previously visited website, IP address, time of server request) about your use of this website is generally transmitted to a Google server in the U.S. and stored there. However, if IP anonymisation is activated on our website, your IP address will be shortened beforehand by Google within member states of the European Union or in other signatory states to the Agreement on the European Economic Area.<\/span><\/p><p><span style=\"font-weight: 400;\">Only in exceptional cases is the full IP address transmitted to a Google server in the USA and shortened there. Google will use this information for the purpose of evaluating your use of the website, compiling reports on website activity for website operators and providing other services relating to website activity and internet usage. Google may also transfer this information to third parties where required to do so by law, or where such third parties process the information on Google&rsquo;s behalf. The IP address transmitted by your browser within the scope of Google Analytics is not combined with other Google data.<\/span><\/p><p><span style=\"font-weight: 400;\">You may refuse the use of cookies by selecting the appropriate settings on your browser, however please note that if you do this you may not be able to use the full functionality of this website. By using this website, you consent to the processing of data about you by Google in the manner and for the purposes described above. Further information about the web analysis service used can be found on the Google Analytics website. Instructions on how to prevent your data from being processed by the web analysis service can be found at http:\/\/tools.google.com\/dlpage\/gaoptout?hl=en.<\/span><\/p><p><span style=\"font-weight: 400;\">\u00a0<\/span><\/p><h2><b>3. YOUR RIGHTS<\/b><\/h2><p><span style=\"font-weight: 400;\">You can request information about your data stored by us at any time. We kindly ask you to send a request for information by e-mail to the address below. Together with the request, you will need proof of your identity at the same address.<\/span><\/p><p><span style=\"font-weight: 400;\">You have the possibility to request the deletion or correction of your data at any time. You are of course also entitled at any time to revoke your consent to the use or processing of personal data with effect for the future.<\/span><\/p><p><span style=\"font-weight: 400;\">Stored data will be deleted by us if they are no longer needed for the purpose indicated. With regard to the deletion of data, it should be noted that we are subject to certain legal obligations, which provide for certain data to be retained. We have to comply with this obligation. If you wish the deletion of data which are subject to the legal storage obligation, the data will be blocked in our system and only used to fulfil the legal storage obligations. After expiry of the retention period, your request for deletion will be complied with.<\/span><\/p><p><span style=\"font-weight: 400;\">If your personal data can be processed on the basis of legitimate interests, you have the right to object to the processing of your personal data if there are reasons for doing so which arise from your particular situation or the objection is directed against direct marketing. In the latter case, you have a general right of objection, which is implemented by us without the need to indicate a particular circumstance.<\/span><\/p><p><span style=\"font-weight: 400;\">Furthermore, you also have the option to receive your personal data, which you have provided to us, or to request the transfer to another responsible person.<\/span><\/p><p><span style=\"font-weight: 400;\">We kindly ask you to send us an e-mail at\u00a0rb@b-investigations.ch. We reserve the right to require you to provide us with an identity card and to assume the effective costs in advance should the effort involved be disproportionately high.<\/span><\/p><p><span style=\"font-weight: 400;\">\u00a0<\/span><\/p><h2><b>4. CONTACT DETAILS<\/b><\/h2><p><span style=\"font-weight: 400;\">Here are our contact details:<\/span><\/p><p><span style=\"font-weight: 400;\">B-Investigations, Rue de Lausanne 15, 1201 Gen\u00e8ve<\/span><\/p><p><span style=\"font-weight: 400;\">rb@b-investigations.ch<\/span><\/p><p><span style=\"font-weight: 400;\">www.b-investigations.ch<\/span><\/p><p><span style=\"font-weight: 400;\">\u00a0<\/span><\/p><h2><b>5. REVISIONS OF THIS PRIVACY POLICY<\/b><\/h2><p><span style=\"font-weight: 400;\">We may change or adapt this privacy policy at any time. The current privacy policy can be accessed at<span style=\"color: #003366;\">\u00a0<\/span><\/span><span style=\"color: #003366;\"><a style=\"color: #003366;\" href=\"https:\/\/b-investigations.ch\/en\/mention-legale\/\"><span style=\"font-weight: 400;\">https:\/\/b-investigations.ch\/mention-legale\/<\/span><\/a><span style=\"font-weight: 400;\">.<\/span><\/span><\/p><p><span style=\"font-weight: 400;\">Geneva, May, 16th 2025<\/span><\/p>\t\t\t\t\t\t\t\t<\/div>\n\t\t\t\t<\/div>\n\t\t\t\t\t<\/div>\n\t\t<\/div>\n\t\t\t\t\t<\/div>\n\t\t<\/section>\n\t\t\t\t\t<\/div>\n\t\t<\/div>\n\t\t\t\t\t<\/div>\n\t\t<\/section>\n\t\t\t\t<\/div>","protected":false},"excerpt":{"rendered":"<p>Mentions L\u00e9gales B-Investigations Agence de D\u00e9tective Priv\u00e9 \u00e0 Gen\u00e8veAutorisation d&rsquo;exercer N\u00b0GE-0689 loi du 20 mai 1950. rb@b-investigations.ch+41 (0) 78 243 30 41 \/ +41 (0) 22 313 89 06 CHE-435.393.506 Registre du Commerce de Gen\u00e8ve Protection des Donn\u00e9es B-Investigations, situ\u00e9 \u00e0 Gen\u00e8ve Rue de Lausanne 15, est l\u2019op\u00e9rateur de ce site web, accessible via www.b-investigations.ch. [&hellip;]<\/p>\n","protected":false},"author":7,"featured_media":0,"parent":0,"menu_order":0,"comment_status":"closed","ping_status":"closed","template":"elementor_header_footer","meta":{"footnotes":""},"class_list":["post-1544","page","type-page","status-publish","hentry"],"yoast_head":"<!-- This site is optimized with the Yoast SEO plugin v27.3 - https:\/\/yoast.com\/product\/yoast-seo-wordpress\/ -->\n<title>Mention legale - B-Investigations<\/title>\n<meta name=\"robots\" content=\"noindex, nofollow\" \/>\n<meta property=\"og:locale\" content=\"en_US\" \/>\n<meta property=\"og:type\" content=\"article\" \/>\n<meta property=\"og:title\" content=\"Mention legale - B-Investigations\" \/>\n<meta property=\"og:description\" content=\"Mentions L\u00e9gales B-Investigations Agence de D\u00e9tective Priv\u00e9 \u00e0 Gen\u00e8veAutorisation d&rsquo;exercer N\u00b0GE-0689 loi du 20 mai 1950. rb@b-investigations.ch+41 (0) 78 243 30 41 \/ +41 (0) 22 313 89 06 CHE-435.393.506 Registre du Commerce de Gen\u00e8ve Protection des Donn\u00e9es B-Investigations, situ\u00e9 \u00e0 Gen\u00e8ve Rue de Lausanne 15, est l\u2019op\u00e9rateur de ce site web, accessible via www.b-investigations.ch. [&hellip;]\" \/>\n<meta property=\"og:url\" content=\"https:\/\/b-investigations.ch\/en\/mention-legale\/\" \/>\n<meta property=\"og:site_name\" content=\"B-Investigations\" \/>\n<meta property=\"article:publisher\" content=\"https:\/\/www.facebook.com\/detectiveprivegeneve\" \/>\n<meta property=\"article:modified_time\" content=\"2026-03-04T10:20:24+00:00\" \/>\n<meta name=\"twitter:card\" content=\"summary_large_image\" \/>\n<meta name=\"twitter:label1\" content=\"Est. reading time\" \/>\n\t<meta name=\"twitter:data1\" content=\"18 minutes\" \/>\n<script type=\"application\/ld+json\" class=\"yoast-schema-graph\">{\"@context\":\"https:\\\/\\\/schema.org\",\"@graph\":[{\"@type\":\"WebPage\",\"@id\":\"https:\\\/\\\/b-investigations.ch\\\/mention-legale\\\/\",\"url\":\"https:\\\/\\\/b-investigations.ch\\\/mention-legale\\\/\",\"name\":\"Mention legale - B-Investigations\",\"isPartOf\":{\"@id\":\"https:\\\/\\\/b-investigations.ch\\\/#website\"},\"datePublished\":\"2024-04-28T17:46:27+00:00\",\"dateModified\":\"2026-03-04T10:20:24+00:00\",\"breadcrumb\":{\"@id\":\"https:\\\/\\\/b-investigations.ch\\\/mention-legale\\\/#breadcrumb\"},\"inLanguage\":\"en-US\",\"potentialAction\":[{\"@type\":\"ReadAction\",\"target\":[\"https:\\\/\\\/b-investigations.ch\\\/mention-legale\\\/\"]}]},{\"@type\":\"BreadcrumbList\",\"@id\":\"https:\\\/\\\/b-investigations.ch\\\/mention-legale\\\/#breadcrumb\",\"itemListElement\":[{\"@type\":\"ListItem\",\"position\":1,\"name\":\"Accueil\",\"item\":\"https:\\\/\\\/b-investigations.ch\\\/\"},{\"@type\":\"ListItem\",\"position\":2,\"name\":\"Mention legale\"}]},{\"@type\":\"WebSite\",\"@id\":\"https:\\\/\\\/b-investigations.ch\\\/#website\",\"url\":\"https:\\\/\\\/b-investigations.ch\\\/\",\"name\":\"B-Investigations\",\"description\":\"D\u00e9tective priv\u00e9, enqu\u00eates et investigations\",\"publisher\":{\"@id\":\"https:\\\/\\\/b-investigations.ch\\\/#organization\"},\"potentialAction\":[{\"@type\":\"SearchAction\",\"target\":{\"@type\":\"EntryPoint\",\"urlTemplate\":\"https:\\\/\\\/b-investigations.ch\\\/?s={search_term_string}\"},\"query-input\":{\"@type\":\"PropertyValueSpecification\",\"valueRequired\":true,\"valueName\":\"search_term_string\"}}],\"inLanguage\":\"en-US\"},{\"@type\":\"Organization\",\"@id\":\"https:\\\/\\\/b-investigations.ch\\\/#organization\",\"name\":\"B-Investigations\",\"url\":\"https:\\\/\\\/b-investigations.ch\\\/\",\"logo\":{\"@type\":\"ImageObject\",\"inLanguage\":\"en-US\",\"@id\":\"https:\\\/\\\/b-investigations.ch\\\/#\\\/schema\\\/logo\\\/image\\\/\",\"url\":\"https:\\\/\\\/b-investigations.ch\\\/wp-content\\\/uploads\\\/2022\\\/01\\\/Logo-lac.png\",\"contentUrl\":\"https:\\\/\\\/b-investigations.ch\\\/wp-content\\\/uploads\\\/2022\\\/01\\\/Logo-lac.png\",\"width\":1455,\"height\":1000,\"caption\":\"B-Investigations\"},\"image\":{\"@id\":\"https:\\\/\\\/b-investigations.ch\\\/#\\\/schema\\\/logo\\\/image\\\/\"},\"sameAs\":[\"https:\\\/\\\/www.facebook.com\\\/detectiveprivegeneve\"]}]}<\/script>\n<!-- \/ Yoast SEO plugin. -->","yoast_head_json":{"title":"Mention legale - B-Investigations","robots":{"index":"noindex","follow":"nofollow"},"og_locale":"en_US","og_type":"article","og_title":"Mention legale - B-Investigations","og_description":"Mentions L\u00e9gales B-Investigations Agence de D\u00e9tective Priv\u00e9 \u00e0 Gen\u00e8veAutorisation d&rsquo;exercer N\u00b0GE-0689 loi du 20 mai 1950. rb@b-investigations.ch+41 (0) 78 243 30 41 \/ +41 (0) 22 313 89 06 CHE-435.393.506 Registre du Commerce de Gen\u00e8ve Protection des Donn\u00e9es B-Investigations, situ\u00e9 \u00e0 Gen\u00e8ve Rue de Lausanne 15, est l\u2019op\u00e9rateur de ce site web, accessible via www.b-investigations.ch. [&hellip;]","og_url":"https:\/\/b-investigations.ch\/en\/mention-legale\/","og_site_name":"B-Investigations","article_publisher":"https:\/\/www.facebook.com\/detectiveprivegeneve","article_modified_time":"2026-03-04T10:20:24+00:00","twitter_card":"summary_large_image","twitter_misc":{"Est. reading time":"18 minutes"},"schema":{"@context":"https:\/\/schema.org","@graph":[{"@type":"WebPage","@id":"https:\/\/b-investigations.ch\/mention-legale\/","url":"https:\/\/b-investigations.ch\/mention-legale\/","name":"Mention legale - B-Investigations","isPartOf":{"@id":"https:\/\/b-investigations.ch\/#website"},"datePublished":"2024-04-28T17:46:27+00:00","dateModified":"2026-03-04T10:20:24+00:00","breadcrumb":{"@id":"https:\/\/b-investigations.ch\/mention-legale\/#breadcrumb"},"inLanguage":"en-US","potentialAction":[{"@type":"ReadAction","target":["https:\/\/b-investigations.ch\/mention-legale\/"]}]},{"@type":"BreadcrumbList","@id":"https:\/\/b-investigations.ch\/mention-legale\/#breadcrumb","itemListElement":[{"@type":"ListItem","position":1,"name":"Accueil","item":"https:\/\/b-investigations.ch\/"},{"@type":"ListItem","position":2,"name":"Mention legale"}]},{"@type":"WebSite","@id":"https:\/\/b-investigations.ch\/#website","url":"https:\/\/b-investigations.ch\/","name":"B-Investigations","description":"D\u00e9tective priv\u00e9, enqu\u00eates et investigations","publisher":{"@id":"https:\/\/b-investigations.ch\/#organization"},"potentialAction":[{"@type":"SearchAction","target":{"@type":"EntryPoint","urlTemplate":"https:\/\/b-investigations.ch\/?s={search_term_string}"},"query-input":{"@type":"PropertyValueSpecification","valueRequired":true,"valueName":"search_term_string"}}],"inLanguage":"en-US"},{"@type":"Organization","@id":"https:\/\/b-investigations.ch\/#organization","name":"B-Investigations","url":"https:\/\/b-investigations.ch\/","logo":{"@type":"ImageObject","inLanguage":"en-US","@id":"https:\/\/b-investigations.ch\/#\/schema\/logo\/image\/","url":"https:\/\/b-investigations.ch\/wp-content\/uploads\/2022\/01\/Logo-lac.png","contentUrl":"https:\/\/b-investigations.ch\/wp-content\/uploads\/2022\/01\/Logo-lac.png","width":1455,"height":1000,"caption":"B-Investigations"},"image":{"@id":"https:\/\/b-investigations.ch\/#\/schema\/logo\/image\/"},"sameAs":["https:\/\/www.facebook.com\/detectiveprivegeneve"]}]}},"_links":{"self":[{"href":"https:\/\/b-investigations.ch\/en\/wp-json\/wp\/v2\/pages\/1544","targetHints":{"allow":["GET"]}}],"collection":[{"href":"https:\/\/b-investigations.ch\/en\/wp-json\/wp\/v2\/pages"}],"about":[{"href":"https:\/\/b-investigations.ch\/en\/wp-json\/wp\/v2\/types\/page"}],"author":[{"embeddable":true,"href":"https:\/\/b-investigations.ch\/en\/wp-json\/wp\/v2\/users\/7"}],"replies":[{"embeddable":true,"href":"https:\/\/b-investigations.ch\/en\/wp-json\/wp\/v2\/comments?post=1544"}],"version-history":[{"count":32,"href":"https:\/\/b-investigations.ch\/en\/wp-json\/wp\/v2\/pages\/1544\/revisions"}],"predecessor-version":[{"id":2195,"href":"https:\/\/b-investigations.ch\/en\/wp-json\/wp\/v2\/pages\/1544\/revisions\/2195"}],"wp:attachment":[{"href":"https:\/\/b-investigations.ch\/en\/wp-json\/wp\/v2\/media?parent=1544"}],"curies":[{"name":"wp","href":"https:\/\/api.w.org\/{rel}","templated":true}]}}