{"id":1560,"date":"2024-04-28T21:13:35","date_gmt":"2024-04-28T21:13:35","guid":{"rendered":"https:\/\/b-investigations.ch\/?page_id=1560"},"modified":"2026-04-13T17:22:41","modified_gmt":"2026-04-13T17:22:41","slug":"contact","status":"publish","type":"page","link":"https:\/\/b-investigations.ch\/en\/contact\/","title":{"rendered":"Contact"},"content":{"rendered":"\t\t<div data-elementor-type=\"wp-page\" data-elementor-id=\"1560\" class=\"elementor elementor-1560\" data-elementor-post-type=\"page\">\n\t\t\t\t\t\t<section class=\"elementor-section elementor-top-section elementor-element elementor-element-3d915dc elementor-section-boxed elementor-section-height-default elementor-section-height-default\" data-id=\"3d915dc\" data-element_type=\"section\" data-e-type=\"section\" data-settings=\"{&quot;background_background&quot;:&quot;classic&quot;}\">\n\t\t\t\t\t\t<div class=\"elementor-container elementor-column-gap-default\">\n\t\t\t\t\t<div class=\"elementor-column elementor-col-100 elementor-top-column elementor-element elementor-element-a20297a\" data-id=\"a20297a\" data-element_type=\"column\" data-e-type=\"column\">\n\t\t\t<div class=\"elementor-widget-wrap elementor-element-populated\">\n\t\t\t\t\t\t<section class=\"elementor-section elementor-inner-section elementor-element elementor-element-a69bec7 elementor-section-boxed elementor-section-height-default elementor-section-height-default\" data-id=\"a69bec7\" data-element_type=\"section\" data-e-type=\"section\">\n\t\t\t\t\t\t<div class=\"elementor-container elementor-column-gap-default\">\n\t\t\t\t\t<div class=\"elementor-column elementor-col-100 elementor-inner-column elementor-element elementor-element-8eb5811\" data-id=\"8eb5811\" data-element_type=\"column\" data-e-type=\"column\">\n\t\t\t<div class=\"elementor-widget-wrap elementor-element-populated\">\n\t\t\t\t\t\t<div class=\"elementor-element elementor-element-6214cc9 elementor-widget elementor-widget-heading\" data-id=\"6214cc9\" data-element_type=\"widget\" data-e-type=\"widget\" data-widget_type=\"heading.default\">\n\t\t\t\t<div class=\"elementor-widget-container\">\n\t\t\t\t\t<h2 class=\"elementor-heading-title elementor-size-default\">Contact<\/h2>\t\t\t\t<\/div>\n\t\t\t\t<\/div>\n\t\t\t\t<div class=\"elementor-element elementor-element-75fc1d3 elementor-widget elementor-widget-text-editor\" data-id=\"75fc1d3\" data-element_type=\"widget\" data-e-type=\"widget\" data-widget_type=\"text-editor.default\">\n\t\t\t\t<div class=\"elementor-widget-container\">\n\t\t\t\t\t\t\t\t\t<p>Vous avez besoin de nos services ? Remplissez le formulaire ci-dessous en d\u00e9taillant votre situation et vos besoins. Nous \u00e9tudions votre demande en toute confidentialit\u00e9 et vous transmettons un devis gratuit et <strong>sans engagement.<\/strong><\/p>\t\t\t\t\t\t\t\t<\/div>\n\t\t\t\t<\/div>\n\t\t\t\t\t<\/div>\n\t\t<\/div>\n\t\t\t\t\t<\/div>\n\t\t<\/section>\n\t\t\t\t\t<\/div>\n\t\t<\/div>\n\t\t\t\t\t<\/div>\n\t\t<\/section>\n\t\t\t\t<section class=\"elementor-section elementor-top-section elementor-element elementor-element-4526c89 elementor-section-boxed elementor-section-height-default elementor-section-height-default\" data-id=\"4526c89\" data-element_type=\"section\" data-e-type=\"section\">\n\t\t\t\t\t\t<div class=\"elementor-container elementor-column-gap-default\">\n\t\t\t\t\t<div class=\"elementor-column elementor-col-100 elementor-top-column elementor-element elementor-element-7ec7041\" data-id=\"7ec7041\" data-element_type=\"column\" data-e-type=\"column\">\n\t\t\t<div class=\"elementor-widget-wrap elementor-element-populated\">\n\t\t\t\t\t\t<section class=\"elementor-section elementor-inner-section elementor-element elementor-element-15549f7 elementor-section-boxed elementor-section-height-default elementor-section-height-default\" data-id=\"15549f7\" data-element_type=\"section\" data-e-type=\"section\">\n\t\t\t\t\t\t<div class=\"elementor-container elementor-column-gap-default\">\n\t\t\t\t\t<div class=\"elementor-column elementor-col-100 elementor-inner-column elementor-element elementor-element-5d5210f\" data-id=\"5d5210f\" data-element_type=\"column\" data-e-type=\"column\">\n\t\t\t<div class=\"elementor-widget-wrap elementor-element-populated\">\n\t\t\t\t\t\t<div class=\"elementor-element elementor-element-9c75718 ekit_wpForms_container-form-button-custom elementor-widget elementor-widget-elementskit-wp-forms\" data-id=\"9c75718\" data-element_type=\"widget\" data-e-type=\"widget\" data-widget_type=\"elementskit-wp-forms.default\">\n\t\t\t\t<div class=\"elementor-widget-container\">\n\t\t\t\t\t<div class=\"ekit-wid-con ekit_wpForms_container\"><div class=\"wpforms-container \" id=\"wpforms-1569\"><form id=\"wpforms-form-1569\" class=\"wpforms-validate wpforms-form wpforms-ajax-form\" data-formid=\"1569\" method=\"post\" enctype=\"multipart\/form-data\" action=\"\/en\/contact\/\" data-token=\"df820e2caf699b3346980c18f9a6e975\" data-token-time=\"1777468570\"><noscript class=\"wpforms-error-noscript\">Please enable JavaScript in your browser to complete this form.<\/noscript><div class=\"wpforms-field-container\"><div id=\"wpforms-1569-field_1-container\" class=\"wpforms-field wpforms-field-text\" data-field-id=\"1\"><label class=\"wpforms-field-label wpforms-label-hide\" for=\"wpforms-1569-field_1\">Nom* <span class=\"wpforms-required-label\">*<\/span><\/label><input type=\"text\" id=\"wpforms-1569-field_1\" class=\"wpforms-field-large wpforms-field-required\" name=\"wpforms[fields][1]\" placeholder=\"Nom*\" required><\/div><div id=\"wpforms-1569-field_2-container\" class=\"wpforms-field wpforms-field-email\" data-field-id=\"2\"><label class=\"wpforms-field-label wpforms-label-hide\" for=\"wpforms-1569-field_2\">Email* <span class=\"wpforms-required-label\">*<\/span><\/label><input type=\"email\" id=\"wpforms-1569-field_2\" class=\"wpforms-field-large wpforms-field-required\" name=\"wpforms[fields][2]\" placeholder=\"Email*\" spellcheck=\"false\" required><\/div><div id=\"wpforms-1569-field_3-container\" class=\"wpforms-field wpforms-field-number\" data-field-id=\"3\"><label class=\"wpforms-field-label wpforms-label-hide\" for=\"wpforms-1569-field_3\">T\u00e9l\u00e9phone <span class=\"wpforms-required-label\">*<\/span><\/label><input type=\"number\" id=\"wpforms-1569-field_3\" class=\"wpforms-field-large wpforms-field-required\" name=\"wpforms[fields][3]\" placeholder=\"T\u00e9l\u00e9phone\" step=\"any\" required><\/div><div id=\"wpforms-1569-field_4-container\" class=\"wpforms-field wpforms-field-textarea\" data-field-id=\"4\"><label class=\"wpforms-field-label wpforms-label-hide\" for=\"wpforms-1569-field_4\">Message*<\/label><textarea id=\"wpforms-1569-field_4\" class=\"wpforms-field-large\" name=\"wpforms[fields][4]\" placeholder=\"Message*\" ><\/textarea><\/div><div id=\"wpforms-1569-field_6-container\" class=\"wpforms-field wpforms-field-checkbox\" data-field-id=\"6\"><label class=\"wpforms-field-label wpforms-label-hide\">Checkboxes <span class=\"wpforms-required-label\">*<\/span><\/label><ul id=\"wpforms-1569-field_6\" class=\"wpforms-field-required\"><li class=\"choice-1 depth-1\"><input type=\"checkbox\" id=\"wpforms-1569-field_6_1\" name=\"wpforms[fields][6][]\" value=\"En soumettant ce formulaire, j\u2019accepte que les informations saisies soient exploit\u00e9es dans le cadre de la demande et de la relation commerciale qui peut en d\u00e9couler.\" required ><label class=\"wpforms-field-label-inline\" for=\"wpforms-1569-field_6_1\">En soumettant ce formulaire, j\u2019accepte que les informations saisies soient exploit\u00e9es dans le cadre de la demande et de la relation commerciale qui peut en d\u00e9couler. <span class=\"wpforms-required-label\">*<\/span><\/label><\/li><\/ul><\/div><\/div><!-- .wpforms-field-container --><div class=\"wpforms-recaptcha-container wpforms-is-recaptcha wpforms-is-recaptcha-type-v2\" ><div class=\"g-recaptcha\" data-sitekey=\"6Ld5Xs8pAAAAANFZ8Fo3JoIaCULhdDXcWgiPRnIu\"><\/div><input type=\"text\" name=\"g-recaptcha-hidden\" class=\"wpforms-recaptcha-hidden\" style=\"position:absolute!important;clip:rect(0,0,0,0)!important;height:1px!important;width:1px!important;border:0!important;overflow:hidden!important;padding:0!important;margin:0!important;\" data-rule-recaptcha=\"1\"><\/div><div class=\"wpforms-submit-container\" ><input type=\"hidden\" name=\"wpforms[id]\" value=\"1569\"><input type=\"hidden\" name=\"page_title\" value=\"Contact\"><input type=\"hidden\" name=\"page_url\" value=\"https:\/\/b-investigations.ch\/en\/contact\/\"><input type=\"hidden\" name=\"url_referer\" value=\"\"><input type=\"hidden\" name=\"page_id\" value=\"1560\"><input type=\"hidden\" name=\"wpforms[post_id]\" value=\"1560\"><button type=\"submit\" name=\"wpforms[submit]\" id=\"wpforms-submit-1569\" class=\"wpforms-submit\" data-alt-text=\"Envoyer...\" data-submit-text=\"Envoyer\" aria-live=\"assertive\" value=\"wpforms-submit\">Envoyer<\/button><img decoding=\"async\" src=\"https:\/\/b-investigations.ch\/wp-content\/plugins\/wpforms-lite\/assets\/images\/submit-spin.svg\" class=\"wpforms-submit-spinner\" style=\"display: none;\" width=\"26\" height=\"26\" alt=\"Loading\"><\/div><\/form><\/div>  <!-- .wpforms-container --><\/div>\t\t\t\t<\/div>\n\t\t\t\t<\/div>\n\t\t\t\t\t<\/div>\n\t\t<\/div>\n\t\t\t\t\t<\/div>\n\t\t<\/section>\n\t\t\t\t\t<\/div>\n\t\t<\/div>\n\t\t\t\t\t<\/div>\n\t\t<\/section>\n\t\t\t\t<section class=\"elementor-section elementor-top-section elementor-element elementor-element-50a0779d elementor-section-boxed elementor-section-height-default elementor-section-height-default\" data-id=\"50a0779d\" data-element_type=\"section\" data-e-type=\"section\" data-settings=\"{&quot;background_background&quot;:&quot;classic&quot;}\">\n\t\t\t\t\t\t<div class=\"elementor-container elementor-column-gap-default\">\n\t\t\t\t\t<div class=\"elementor-column elementor-col-100 elementor-top-column elementor-element elementor-element-31bf1f3a\" data-id=\"31bf1f3a\" data-element_type=\"column\" data-e-type=\"column\">\n\t\t\t<div class=\"elementor-widget-wrap elementor-element-populated\">\n\t\t\t\t\t\t<div class=\"elementor-element elementor-element-3c7c4b5b elementor-widget elementor-widget-heading\" data-id=\"3c7c4b5b\" data-element_type=\"widget\" data-e-type=\"widget\" data-widget_type=\"heading.default\">\n\t\t\t\t<div class=\"elementor-widget-container\">\n\t\t\t\t\t<h2 class=\"elementor-heading-title elementor-size-default\">D\u00e9oulement de la prise en charge de nos enqu\u00eates<\/h2>\t\t\t\t<\/div>\n\t\t\t\t<\/div>\n\t\t\t\t<div class=\"elementor-element elementor-element-27bf2017 elementor-widget__width-initial elementor-widget-mobile__width-inherit elementor-widget elementor-widget-text-editor\" data-id=\"27bf2017\" data-element_type=\"widget\" data-e-type=\"widget\" data-widget_type=\"text-editor.default\">\n\t\t\t\t<div class=\"elementor-widget-container\">\n\t\t\t\t\t\t\t\t\t<p>Vous cherchez un d\u00e9tective priv\u00e9 \u00e0 Gen\u00e8ve pour r\u00e9soudre une affaire personnelle ou professionnelle d\u00e9licate ? B-Investigations met son expertise \u00e0 votre service.<\/p>\t\t\t\t\t\t\t\t<\/div>\n\t\t\t\t<\/div>\n\t\t\t\t<div class=\"elementor-element elementor-element-7713b1ce elementor-widget elementor-widget-image\" data-id=\"7713b1ce\" data-element_type=\"widget\" data-e-type=\"widget\" data-widget_type=\"image.default\">\n\t\t\t\t<div class=\"elementor-widget-container\">\n\t\t\t\t\t\t\t\t\t\t\t\t\t\t\t<img fetchpriority=\"high\" decoding=\"async\" width=\"892\" height=\"168\" src=\"https:\/\/b-investigations.ch\/wp-content\/uploads\/2024\/04\/Screen-Shot-2024-04-27-at-10.56.26-PM.png\" class=\"attachment-full size-full wp-image-1449\" alt=\"Proc\u00e9dures contrats investigations Etude - Devis - Investigations - Rapport\" srcset=\"https:\/\/b-investigations.ch\/wp-content\/uploads\/2024\/04\/Screen-Shot-2024-04-27-at-10.56.26-PM.png 892w, https:\/\/b-investigations.ch\/wp-content\/uploads\/2024\/04\/Screen-Shot-2024-04-27-at-10.56.26-PM-300x57.png 300w, https:\/\/b-investigations.ch\/wp-content\/uploads\/2024\/04\/Screen-Shot-2024-04-27-at-10.56.26-PM-768x145.png 768w\" sizes=\"(max-width: 892px) 100vw, 892px\" \/>\t\t\t\t\t\t\t\t\t\t\t\t\t\t\t<\/div>\n\t\t\t\t<\/div>\n\t\t\t\t\t<\/div>\n\t\t<\/div>\n\t\t\t\t\t<\/div>\n\t\t<\/section>\n\t\t\t\t<\/div>\n\t\t","protected":false},"excerpt":{"rendered":"<p>Contact Vous avez besoin de nos services ? Remplissez le formulaire ci-dessous en d\u00e9taillant votre situation et vos besoins. Nous \u00e9tudions votre demande en toute confidentialit\u00e9 et vous transmettons un devis gratuit et sans engagement. Veuillez activer JavaScript dans votre navigateur pour remplir ce formulaire.Nom* *Email* *T\u00e9l\u00e9phone *Message*Checkboxes * En soumettant ce formulaire, j\u2019accepte que [&hellip;]<\/p>\n","protected":false},"author":7,"featured_media":1799,"parent":0,"menu_order":0,"comment_status":"closed","ping_status":"closed","template":"","meta":{"footnotes":""},"class_list":["post-1560","page","type-page","status-publish","has-post-thumbnail","hentry"],"yoast_head":"<!-- This site is optimized with the Yoast SEO plugin v27.3 - https:\/\/yoast.com\/product\/yoast-seo-wordpress\/ -->\n<title>Contactez un d\u00e9tective priv\u00e9 \u00e0 Gen\u00e8ve en toute discr\u00e9tion<\/title>\n<meta name=\"description\" content=\"Contactez notre agence de d\u00e9tectives priv\u00e9s. Toute demande est trait\u00e9e avec la plus stricte confidentialit\u00e9. 1er contact sans engagement.\" \/>\n<meta name=\"robots\" content=\"index, follow, max-snippet:-1, max-image-preview:large, max-video-preview:-1\" \/>\n<link rel=\"canonical\" href=\"https:\/\/b-investigations.ch\/en\/contact\/\" \/>\n<meta property=\"og:locale\" content=\"en_US\" \/>\n<meta property=\"og:type\" content=\"article\" \/>\n<meta property=\"og:title\" content=\"Contactez un d\u00e9tective priv\u00e9 \u00e0 Gen\u00e8ve en toute discr\u00e9tion\" \/>\n<meta property=\"og:description\" content=\"Contactez notre agence de d\u00e9tectives priv\u00e9s. Toute demande est trait\u00e9e avec la plus stricte confidentialit\u00e9. 1er contact sans engagement.\" \/>\n<meta property=\"og:url\" content=\"https:\/\/b-investigations.ch\/en\/contact\/\" \/>\n<meta property=\"og:site_name\" content=\"B-Investigations\" \/>\n<meta property=\"article:publisher\" content=\"https:\/\/www.facebook.com\/detectiveprivegeneve\" \/>\n<meta property=\"article:modified_time\" content=\"2026-04-13T17:22:41+00:00\" \/>\n<meta property=\"og:image\" content=\"https:\/\/b-investigations.ch\/wp-content\/uploads\/2025\/04\/thumbnail_logo-REP.jpg\" \/>\n\t<meta property=\"og:image:width\" content=\"150\" \/>\n\t<meta property=\"og:image:height\" content=\"150\" \/>\n\t<meta property=\"og:image:type\" content=\"image\/jpeg\" \/>\n<meta name=\"twitter:card\" content=\"summary_large_image\" \/>\n<meta name=\"twitter:label1\" content=\"Est. reading time\" \/>\n\t<meta name=\"twitter:data1\" content=\"1 minute\" \/>\n<script type=\"application\/ld+json\" class=\"yoast-schema-graph\">{\"@context\":\"https:\\\/\\\/schema.org\",\"@graph\":[{\"@type\":\"WebPage\",\"@id\":\"https:\\\/\\\/b-investigations.ch\\\/contact\\\/\",\"url\":\"https:\\\/\\\/b-investigations.ch\\\/contact\\\/\",\"name\":\"Contactez un d\u00e9tective priv\u00e9 \u00e0 Gen\u00e8ve en toute discr\u00e9tion\",\"isPartOf\":{\"@id\":\"https:\\\/\\\/b-investigations.ch\\\/#website\"},\"primaryImageOfPage\":{\"@id\":\"https:\\\/\\\/b-investigations.ch\\\/contact\\\/#primaryimage\"},\"image\":{\"@id\":\"https:\\\/\\\/b-investigations.ch\\\/contact\\\/#primaryimage\"},\"thumbnailUrl\":\"https:\\\/\\\/b-investigations.ch\\\/wp-content\\\/uploads\\\/2025\\\/04\\\/thumbnail_logo-REP.jpg\",\"datePublished\":\"2024-04-28T21:13:35+00:00\",\"dateModified\":\"2026-04-13T17:22:41+00:00\",\"description\":\"Contactez notre agence de d\u00e9tectives priv\u00e9s. Toute demande est trait\u00e9e avec la plus stricte confidentialit\u00e9. 1er contact sans engagement.\",\"breadcrumb\":{\"@id\":\"https:\\\/\\\/b-investigations.ch\\\/contact\\\/#breadcrumb\"},\"inLanguage\":\"en-US\",\"potentialAction\":[{\"@type\":\"ReadAction\",\"target\":[\"https:\\\/\\\/b-investigations.ch\\\/contact\\\/\"]}]},{\"@type\":\"ImageObject\",\"inLanguage\":\"en-US\",\"@id\":\"https:\\\/\\\/b-investigations.ch\\\/contact\\\/#primaryimage\",\"url\":\"https:\\\/\\\/b-investigations.ch\\\/wp-content\\\/uploads\\\/2025\\\/04\\\/thumbnail_logo-REP.jpg\",\"contentUrl\":\"https:\\\/\\\/b-investigations.ch\\\/wp-content\\\/uploads\\\/2025\\\/04\\\/thumbnail_logo-REP.jpg\",\"width\":150,\"height\":150,\"caption\":\"Logo REP R\u00e9seau d'enqu\u00eateurs priv\u00e9s\"},{\"@type\":\"BreadcrumbList\",\"@id\":\"https:\\\/\\\/b-investigations.ch\\\/contact\\\/#breadcrumb\",\"itemListElement\":[{\"@type\":\"ListItem\",\"position\":1,\"name\":\"Accueil\",\"item\":\"https:\\\/\\\/b-investigations.ch\\\/\"},{\"@type\":\"ListItem\",\"position\":2,\"name\":\"Contact\"}]},{\"@type\":\"WebSite\",\"@id\":\"https:\\\/\\\/b-investigations.ch\\\/#website\",\"url\":\"https:\\\/\\\/b-investigations.ch\\\/\",\"name\":\"B-Investigations\",\"description\":\"D\u00e9tective priv\u00e9, enqu\u00eates et investigations\",\"publisher\":{\"@id\":\"https:\\\/\\\/b-investigations.ch\\\/#organization\"},\"potentialAction\":[{\"@type\":\"SearchAction\",\"target\":{\"@type\":\"EntryPoint\",\"urlTemplate\":\"https:\\\/\\\/b-investigations.ch\\\/?s={search_term_string}\"},\"query-input\":{\"@type\":\"PropertyValueSpecification\",\"valueRequired\":true,\"valueName\":\"search_term_string\"}}],\"inLanguage\":\"en-US\"},{\"@type\":\"Organization\",\"@id\":\"https:\\\/\\\/b-investigations.ch\\\/#organization\",\"name\":\"B-Investigations\",\"url\":\"https:\\\/\\\/b-investigations.ch\\\/\",\"logo\":{\"@type\":\"ImageObject\",\"inLanguage\":\"en-US\",\"@id\":\"https:\\\/\\\/b-investigations.ch\\\/#\\\/schema\\\/logo\\\/image\\\/\",\"url\":\"https:\\\/\\\/b-investigations.ch\\\/wp-content\\\/uploads\\\/2022\\\/01\\\/Logo-lac.png\",\"contentUrl\":\"https:\\\/\\\/b-investigations.ch\\\/wp-content\\\/uploads\\\/2022\\\/01\\\/Logo-lac.png\",\"width\":1455,\"height\":1000,\"caption\":\"B-Investigations\"},\"image\":{\"@id\":\"https:\\\/\\\/b-investigations.ch\\\/#\\\/schema\\\/logo\\\/image\\\/\"},\"sameAs\":[\"https:\\\/\\\/www.facebook.com\\\/detectiveprivegeneve\"]}]}<\/script>\n<!-- \/ Yoast SEO plugin. -->","yoast_head_json":{"title":"Contactez un d\u00e9tective priv\u00e9 \u00e0 Gen\u00e8ve en toute discr\u00e9tion","description":"Contactez notre agence de d\u00e9tectives priv\u00e9s. Toute demande est trait\u00e9e avec la plus stricte confidentialit\u00e9. 1er contact sans engagement.","robots":{"index":"index","follow":"follow","max-snippet":"max-snippet:-1","max-image-preview":"max-image-preview:large","max-video-preview":"max-video-preview:-1"},"canonical":"https:\/\/b-investigations.ch\/en\/contact\/","og_locale":"en_US","og_type":"article","og_title":"Contactez un d\u00e9tective priv\u00e9 \u00e0 Gen\u00e8ve en toute discr\u00e9tion","og_description":"Contactez notre agence de d\u00e9tectives priv\u00e9s. Toute demande est trait\u00e9e avec la plus stricte confidentialit\u00e9. 1er contact sans engagement.","og_url":"https:\/\/b-investigations.ch\/en\/contact\/","og_site_name":"B-Investigations","article_publisher":"https:\/\/www.facebook.com\/detectiveprivegeneve","article_modified_time":"2026-04-13T17:22:41+00:00","og_image":[{"width":150,"height":150,"url":"https:\/\/b-investigations.ch\/wp-content\/uploads\/2025\/04\/thumbnail_logo-REP.jpg","type":"image\/jpeg"}],"twitter_card":"summary_large_image","twitter_misc":{"Est. reading time":"1 minute"},"schema":{"@context":"https:\/\/schema.org","@graph":[{"@type":"WebPage","@id":"https:\/\/b-investigations.ch\/contact\/","url":"https:\/\/b-investigations.ch\/contact\/","name":"Contactez un d\u00e9tective priv\u00e9 \u00e0 Gen\u00e8ve en toute discr\u00e9tion","isPartOf":{"@id":"https:\/\/b-investigations.ch\/#website"},"primaryImageOfPage":{"@id":"https:\/\/b-investigations.ch\/contact\/#primaryimage"},"image":{"@id":"https:\/\/b-investigations.ch\/contact\/#primaryimage"},"thumbnailUrl":"https:\/\/b-investigations.ch\/wp-content\/uploads\/2025\/04\/thumbnail_logo-REP.jpg","datePublished":"2024-04-28T21:13:35+00:00","dateModified":"2026-04-13T17:22:41+00:00","description":"Contactez notre agence de d\u00e9tectives priv\u00e9s. Toute demande est trait\u00e9e avec la plus stricte confidentialit\u00e9. 1er contact sans engagement.","breadcrumb":{"@id":"https:\/\/b-investigations.ch\/contact\/#breadcrumb"},"inLanguage":"en-US","potentialAction":[{"@type":"ReadAction","target":["https:\/\/b-investigations.ch\/contact\/"]}]},{"@type":"ImageObject","inLanguage":"en-US","@id":"https:\/\/b-investigations.ch\/contact\/#primaryimage","url":"https:\/\/b-investigations.ch\/wp-content\/uploads\/2025\/04\/thumbnail_logo-REP.jpg","contentUrl":"https:\/\/b-investigations.ch\/wp-content\/uploads\/2025\/04\/thumbnail_logo-REP.jpg","width":150,"height":150,"caption":"Logo REP R\u00e9seau d'enqu\u00eateurs priv\u00e9s"},{"@type":"BreadcrumbList","@id":"https:\/\/b-investigations.ch\/contact\/#breadcrumb","itemListElement":[{"@type":"ListItem","position":1,"name":"Accueil","item":"https:\/\/b-investigations.ch\/"},{"@type":"ListItem","position":2,"name":"Contact"}]},{"@type":"WebSite","@id":"https:\/\/b-investigations.ch\/#website","url":"https:\/\/b-investigations.ch\/","name":"B-Investigations","description":"D\u00e9tective priv\u00e9, enqu\u00eates et investigations","publisher":{"@id":"https:\/\/b-investigations.ch\/#organization"},"potentialAction":[{"@type":"SearchAction","target":{"@type":"EntryPoint","urlTemplate":"https:\/\/b-investigations.ch\/?s={search_term_string}"},"query-input":{"@type":"PropertyValueSpecification","valueRequired":true,"valueName":"search_term_string"}}],"inLanguage":"en-US"},{"@type":"Organization","@id":"https:\/\/b-investigations.ch\/#organization","name":"B-Investigations","url":"https:\/\/b-investigations.ch\/","logo":{"@type":"ImageObject","inLanguage":"en-US","@id":"https:\/\/b-investigations.ch\/#\/schema\/logo\/image\/","url":"https:\/\/b-investigations.ch\/wp-content\/uploads\/2022\/01\/Logo-lac.png","contentUrl":"https:\/\/b-investigations.ch\/wp-content\/uploads\/2022\/01\/Logo-lac.png","width":1455,"height":1000,"caption":"B-Investigations"},"image":{"@id":"https:\/\/b-investigations.ch\/#\/schema\/logo\/image\/"},"sameAs":["https:\/\/www.facebook.com\/detectiveprivegeneve"]}]}},"_links":{"self":[{"href":"https:\/\/b-investigations.ch\/en\/wp-json\/wp\/v2\/pages\/1560","targetHints":{"allow":["GET"]}}],"collection":[{"href":"https:\/\/b-investigations.ch\/en\/wp-json\/wp\/v2\/pages"}],"about":[{"href":"https:\/\/b-investigations.ch\/en\/wp-json\/wp\/v2\/types\/page"}],"author":[{"embeddable":true,"href":"https:\/\/b-investigations.ch\/en\/wp-json\/wp\/v2\/users\/7"}],"replies":[{"embeddable":true,"href":"https:\/\/b-investigations.ch\/en\/wp-json\/wp\/v2\/comments?post=1560"}],"version-history":[{"count":19,"href":"https:\/\/b-investigations.ch\/en\/wp-json\/wp\/v2\/pages\/1560\/revisions"}],"predecessor-version":[{"id":2329,"href":"https:\/\/b-investigations.ch\/en\/wp-json\/wp\/v2\/pages\/1560\/revisions\/2329"}],"wp:featuredmedia":[{"embeddable":true,"href":"https:\/\/b-investigations.ch\/en\/wp-json\/wp\/v2\/media\/1799"}],"wp:attachment":[{"href":"https:\/\/b-investigations.ch\/en\/wp-json\/wp\/v2\/media?parent=1560"}],"curies":[{"name":"wp","href":"https:\/\/api.w.org\/{rel}","templated":true}]}}